{"id":135,"date":"2024-12-31T02:18:57","date_gmt":"2024-12-31T02:18:57","guid":{"rendered":"https:\/\/espionando.online\/?page_id=135"},"modified":"2025-02-28T14:39:39","modified_gmt":"2025-02-28T14:39:39","slug":"up04","status":"publish","type":"page","link":"https:\/\/espionando.online\/index.php\/up04\/","title":{"rendered":"up04"},"content":{"rendered":"\t\t<div data-elementor-type=\"wp-page\" data-elementor-id=\"135\" class=\"elementor elementor-135\">\n\t\t\t\t\t\t<section class=\"elementor-section elementor-top-section elementor-element elementor-element-2b96bf72 elementor-section-boxed elementor-section-height-default elementor-section-height-default\" data-id=\"2b96bf72\" data-element_type=\"section\" data-settings=\"{&quot;background_background&quot;:&quot;gradient&quot;}\">\n\t\t\t\t\t\t<div class=\"elementor-container elementor-column-gap-default\">\n\t\t\t\t\t<div class=\"elementor-column elementor-col-100 elementor-top-column elementor-element elementor-element-66cf9c5a\" data-id=\"66cf9c5a\" data-element_type=\"column\">\n\t\t\t<div class=\"elementor-widget-wrap elementor-element-populated\">\n\t\t\t\t\t\t<div class=\"elementor-element elementor-element-e891a82 elementor-widget elementor-widget-html\" data-id=\"e891a82\" data-element_type=\"widget\" data-widget_type=\"html.default\">\n\t\t\t\t<div class=\"elementor-widget-container\">\n\t\t\t\t\t\n<script\n  src=\"https:\/\/cdn.utmify.com.br\/scripts\/utms\/latest.js\"\n  data-utmify-prevent-subids\n  async\n  defer\n><\/script>\n\n<!-- Google tag (gtag.js) -->\n<script async src=\"https:\/\/www.googletagmanager.com\/gtag\/js?id=G-Y7MW538WG7\"><\/script>\n<script>\n  window.dataLayer = window.dataLayer || [];\n  function gtag(){dataLayer.push(arguments);}\n  gtag('js', new Date());\n\n  gtag('config', 'G-Y7MW538WG7');\n<\/script>\n\n\n\n<script>\nvar back_redirect_back_link = 'https:\/\/espionando.online\/index.php\/obg'+ location.search;\n\/\/ N\u00e3o altere daqui para baixo\nhistory.pushState({}, \"\", location.href);\nhistory.pushState({}, \"\", location.href);\n\nwindow.addEventListener('popstate', function (event) {\nif (event.state) {\nsetTimeout(function () {\nlocation.href = back_redirect_back_link;\n}, 1);\n}\n}, false);\n<\/script>\t\t\t\t<\/div>\n\t\t\t\t<\/div>\n\t\t\t\t<div class=\"elementor-element elementor-element-9e63322 elementor-widget elementor-widget-progress\" data-id=\"9e63322\" data-element_type=\"widget\" data-widget_type=\"progress.default\">\n\t\t\t\t<div class=\"elementor-widget-container\">\n\t\t\t\t\t\n\t\t<div class=\"elementor-progress-wrapper\" role=\"progressbar\" aria-valuemin=\"0\" aria-valuemax=\"100\" aria-valuenow=\"95\" aria-valuetext=\"95% (VOC\u00ca EST\u00c1 A 1 PASSO DE TER ACESSO COMPLETO)\">\n\t\t\t<div class=\"elementor-progress-bar\" data-max=\"95\">\n\t\t\t\t<span class=\"elementor-progress-text\">VOC\u00ca EST\u00c1 A 1 PASSO DE TER ACESSO COMPLETO<\/span>\n\t\t\t\t\t\t\t\t\t<span class=\"elementor-progress-percentage\">95%<\/span>\n\t\t\t\t\t\t\t<\/div>\n\t\t<\/div>\n\t\t\t\t\t\t<\/div>\n\t\t\t\t<\/div>\n\t\t\t\t<div class=\"elementor-element elementor-element-3a2b875 elementor-widget elementor-widget-heading\" data-id=\"3a2b875\" data-element_type=\"widget\" data-widget_type=\"heading.default\">\n\t\t\t\t<div class=\"elementor-widget-container\">\n\t\t\t\t\t<h2 class=\"elementor-heading-title elementor-size-default\">TUDO BEM E USEI QUE VOC\u00ca PODE ESTAR PROCURANDO PESSOAS NOVAS PARA CONHECER E SE RELACIONAR MAIS EST\u00c1 COM MEDO DE SE MACHUCAR!\n<\/h2>\t\t\t\t<\/div>\n\t\t\t\t<\/div>\n\t\t\t\t<div class=\"elementor-element elementor-element-2883633 elementor-widget elementor-widget-heading\" data-id=\"2883633\" data-element_type=\"widget\" data-widget_type=\"heading.default\">\n\t\t\t\t<div class=\"elementor-widget-container\">\n\t\t\t\t\t<h2 class=\"elementor-heading-title elementor-size-default\">CONSEGUIMOS UM DESCONTO DE 50% NO GRUPO VIP\n<\/h2>\t\t\t\t<\/div>\n\t\t\t\t<\/div>\n\t\t\t\t<div class=\"elementor-element elementor-element-74eb69c elementor-widget elementor-widget-image\" data-id=\"74eb69c\" data-element_type=\"widget\" data-widget_type=\"image.default\">\n\t\t\t\t<div class=\"elementor-widget-container\">\n\t\t\t\t\t\t\t\t\t\t\t\t\t\t\t<img decoding=\"async\" width=\"150\" height=\"150\" src=\"https:\/\/espionando.online\/wp-content\/uploads\/2025\/02\/GRUPO-VIP-150x150-1.png\" class=\"attachment-large size-large wp-image-172\" alt=\"\" \/>\t\t\t\t\t\t\t\t\t\t\t\t\t\t\t<\/div>\n\t\t\t\t<\/div>\n\t\t\t\t<div class=\"elementor-element elementor-element-970a46a elementor-widget elementor-widget-html\" data-id=\"970a46a\" data-element_type=\"widget\" data-widget_type=\"html.default\">\n\t\t\t\t<div class=\"elementor-widget-container\">\n\t\t\t\t\t<center>\n    <div style=\"width: auto; max-width: 400px;\">\n        <a href=\"javascript:void(0)\" data-fornpay=\"hhyv0n3c5y\" class=\"fornpay_btn\">EU QUERO GRUPO VIP<\/a><br><br><br><br><br><br\n        <a href=\"javascript:void(0)\" data-downsell=\"https:\/\/espionando.online\/obg\" class=\"fornpay_downsell\">N\u00e3o quero<\/a><br><br>\n    <\/div>\n    <style>\n        .fornpay_btn {\n            background: #00a82f;\n            background-image: -webkit-linear-gradient(top, #00a82f, #00a82f);\n            background-image: -moz-linear-gradient(top, #00a82f, #1e62d0);\n            background-image: -ms-linear-gradient(top, #00a82f, #00a82f);\n            background-image: -o-linear-gradient(top, #00a82f, #00a82f);\n            background-image: -webkit-gradient(to bottom, #00a82f, #00a82f);\n            -webkit-border-radius: 10px;\n            -moz-border-radius: 10px;\n            border-radius: 0px;\n            color: #fff;\n            font-family: Arial;\n                font-size: 20px;\n            font-weight: bold; \/* Texto em negrito *\/\n            padding: 10px 30px;\n            border: 10px solid #00a82f;\n            text-decoration: none;\n            display: inline-block; \/* Ajuste para tamanho justo *\/\n            cursor: pointer;\n            text-align: center;\n            animation: pulsar 0.5s infinite;\n            min-width: 200px; \/* Garante um tamanho m\u00ednimo confort\u00e1vel *\/\n            margin: 0 auto; \/* Centralizando o bot\u00e3o *\/\n        }\n\n        @keyframes pulsar {\n            0% { transform: scale(1); }\n            50% { transform: scale(1.1); }\n            100% { transform: scale(1); }\n        }\n\n        .fornpay_downsell {\n            color: black;\n            font-family: Arial;\n            margin-top: 10px;\n            font-size: 16px!important;\n            font-weight: 100;\n            text-decoration: none;\n            display: block;\n            cursor: pointer;\n            text-align: center;\n        }\n    <\/style>\n    <script src=\"https:\/\/app.mundpay.com\/js\/oneclick.js\"><\/script>\n\t\t\t\t<\/div>\n\t\t\t\t<\/div>\n\t\t\t\t<div class=\"elementor-element elementor-element-50ddbf8b elementor-widget elementor-widget-spacer\" data-id=\"50ddbf8b\" data-element_type=\"widget\" data-widget_type=\"spacer.default\">\n\t\t\t\t<div class=\"elementor-widget-container\">\n\t\t\t\t\t\t\t<div class=\"elementor-spacer\">\n\t\t\t<div class=\"elementor-spacer-inner\"><\/div>\n\t\t<\/div>\n\t\t\t\t\t\t<\/div>\n\t\t\t\t<\/div>\n\t\t\t\t\t<\/div>\n\t\t<\/div>\n\t\t\t\t\t<\/div>\n\t\t<\/section>\n\t\t<div class=\"elementor-element elementor-element-6eee30d2 e-flex e-con-boxed e-con e-parent\" data-id=\"6eee30d2\" data-element_type=\"container\" data-settings=\"{&quot;background_background&quot;:&quot;classic&quot;}\">\n\t\t\t\t\t<div class=\"e-con-inner\">\n\t\t\t\t<div class=\"elementor-element elementor-element-5f80dc19 elementor-widget elementor-widget-heading\" data-id=\"5f80dc19\" data-element_type=\"widget\" data-widget_type=\"heading.default\">\n\t\t\t\t<div class=\"elementor-widget-container\">\n\t\t\t\t\t<h2 class=\"elementor-heading-title elementor-size-default\">App Espi\u00e3o <br>\nCopyright - Todos Direitos Reservados<\/h2>\t\t\t\t<\/div>\n\t\t\t\t<\/div>\n\t\t\t\t<div class=\"elementor-element elementor-element-1c75a389 elementor-widget elementor-widget-image\" data-id=\"1c75a389\" data-element_type=\"widget\" data-widget_type=\"image.default\">\n\t\t\t\t<div class=\"elementor-widget-container\">\n\t\t\t\t\t\t\t\t\t\t\t\t\t\t\t<img fetchpriority=\"high\" decoding=\"async\" width=\"754\" height=\"733\" src=\"https:\/\/espionando.online\/wp-content\/uploads\/2024\/12\/whatsapp-circle-1.webp\" class=\"attachment-large size-large wp-image-14\" alt=\"\" srcset=\"https:\/\/espionando.online\/wp-content\/uploads\/2024\/12\/whatsapp-circle-1.webp 754w, https:\/\/espionando.online\/wp-content\/uploads\/2024\/12\/whatsapp-circle-1-300x292.webp 300w\" sizes=\"(max-width: 754px) 100vw, 754px\" \/>\t\t\t\t\t\t\t\t\t\t\t\t\t\t\t<\/div>\n\t\t\t\t<\/div>\n\t\t\t\t\t<\/div>\n\t\t\t\t<\/div>\n\t\t\t\t<\/div>\n\t\t","protected":false},"excerpt":{"rendered":"<p>VOC\u00ca EST\u00c1 A 1 PASSO DE TER ACESSO COMPLETO 95% TUDO BEM E USEI QUE VOC\u00ca PODE ESTAR PROCURANDO PESSOAS NOVAS PARA CONHECER E SE RELACIONAR MAIS EST\u00c1 COM MEDO DE SE MACHUCAR! CONSEGUIMOS UM DESCONTO DE 50% NO GRUPO VIP EU QUERO GRUPO VIP<\/p>\n","protected":false},"author":1,"featured_media":0,"parent":0,"menu_order":0,"comment_status":"closed","ping_status":"closed","template":"elementor_canvas","meta":{"footnotes":""},"class_list":["post-135","page","type-page","status-publish","hentry"],"_links":{"self":[{"href":"https:\/\/espionando.online\/index.php\/wp-json\/wp\/v2\/pages\/135","targetHints":{"allow":["GET"]}}],"collection":[{"href":"https:\/\/espionando.online\/index.php\/wp-json\/wp\/v2\/pages"}],"about":[{"href":"https:\/\/espionando.online\/index.php\/wp-json\/wp\/v2\/types\/page"}],"author":[{"embeddable":true,"href":"https:\/\/espionando.online\/index.php\/wp-json\/wp\/v2\/users\/1"}],"replies":[{"embeddable":true,"href":"https:\/\/espionando.online\/index.php\/wp-json\/wp\/v2\/comments?post=135"}],"version-history":[{"count":13,"href":"https:\/\/espionando.online\/index.php\/wp-json\/wp\/v2\/pages\/135\/revisions"}],"predecessor-version":[{"id":193,"href":"https:\/\/espionando.online\/index.php\/wp-json\/wp\/v2\/pages\/135\/revisions\/193"}],"wp:attachment":[{"href":"https:\/\/espionando.online\/index.php\/wp-json\/wp\/v2\/media?parent=135"}],"curies":[{"name":"wp","href":"https:\/\/api.w.org\/{rel}","templated":true}]}}