{"id":42,"date":"2024-12-31T01:56:50","date_gmt":"2024-12-31T01:56:50","guid":{"rendered":"https:\/\/espionando.online\/?page_id=42"},"modified":"2025-02-28T14:39:02","modified_gmt":"2025-02-28T14:39:02","slug":"up02","status":"publish","type":"page","link":"https:\/\/espionando.online\/index.php\/up02\/","title":{"rendered":"up02"},"content":{"rendered":"\t\t<div data-elementor-type=\"wp-page\" data-elementor-id=\"42\" class=\"elementor elementor-42\">\n\t\t\t\t\t\t<section class=\"elementor-section elementor-top-section elementor-element elementor-element-608ecb0b elementor-section-boxed elementor-section-height-default elementor-section-height-default\" data-id=\"608ecb0b\" data-element_type=\"section\" data-settings=\"{&quot;background_background&quot;:&quot;classic&quot;}\">\n\t\t\t\t\t\t<div class=\"elementor-container elementor-column-gap-default\">\n\t\t\t\t\t<div class=\"elementor-column elementor-col-100 elementor-top-column elementor-element elementor-element-6693375c\" data-id=\"6693375c\" data-element_type=\"column\">\n\t\t\t<div class=\"elementor-widget-wrap elementor-element-populated\">\n\t\t\t\t\t\t<div class=\"elementor-element elementor-element-1336b9be elementor-widget__width-initial elementor-widget elementor-widget-progress\" data-id=\"1336b9be\" data-element_type=\"widget\" data-widget_type=\"progress.default\">\n\t\t\t\t<div class=\"elementor-widget-container\">\n\t\t\t\t\t\n\t\t<div class=\"elementor-progress-wrapper\" role=\"progressbar\" aria-valuemin=\"0\" aria-valuemax=\"100\" aria-valuenow=\"25\" aria-valuetext=\"25% (SEU ACESSO N\u00c3O EST\u00c1 COMPLETO)\">\n\t\t\t<div class=\"elementor-progress-bar\" data-max=\"25\">\n\t\t\t\t<span class=\"elementor-progress-text\">SEU ACESSO N\u00c3O EST\u00c1 COMPLETO<\/span>\n\t\t\t\t\t\t\t\t\t<span class=\"elementor-progress-percentage\">25%<\/span>\n\t\t\t\t\t\t\t<\/div>\n\t\t<\/div>\n\t\t\t\t\t\t<\/div>\n\t\t\t\t<\/div>\n\t\t\t\t<div class=\"elementor-element elementor-element-7e87c10a elementor-widget elementor-widget-html\" data-id=\"7e87c10a\" data-element_type=\"widget\" data-widget_type=\"html.default\">\n\t\t\t\t<div class=\"elementor-widget-container\">\n\t\t\t\t\t\n\n<script\n  src=\"https:\/\/cdn.utmify.com.br\/scripts\/utms\/latest.js\"\n  data-utmify-prevent-subids\n  async\n  defer\n><\/script>\n\n<!-- Google tag (gtag.js) -->\n<script async src=\"https:\/\/www.googletagmanager.com\/gtag\/js?id=G-Y7MW538WG7\"><\/script>\n<script>\n  window.dataLayer = window.dataLayer || [];\n  function gtag(){dataLayer.push(arguments);}\n  gtag('js', new Date());\n\n  gtag('config', 'G-Y7MW538WG7');\n<\/script>\n\n\n\n<script>\nvar back_redirect_back_link = 'https:\/\/espionando.online\/index.php\/up03'+ location.search;\n\/\/ N\u00e3o altere daqui para baixo\nhistory.pushState({}, \"\", location.href);\nhistory.pushState({}, \"\", location.href);\n\nwindow.addEventListener('popstate', function (event) {\nif (event.state) {\nsetTimeout(function () {\nlocation.href = back_redirect_back_link;\n}, 1);\n}\n}, false);\n<\/script>\t\t\t\t<\/div>\n\t\t\t\t<\/div>\n\t\t\t\t<div class=\"elementor-element elementor-element-39e25a1f elementor-widget elementor-widget-image\" data-id=\"39e25a1f\" data-element_type=\"widget\" data-widget_type=\"image.default\">\n\t\t\t\t<div class=\"elementor-widget-container\">\n\t\t\t\t\t\t\t\t\t\t\t\t\t\t\t<img fetchpriority=\"high\" decoding=\"async\" width=\"1024\" height=\"450\" src=\"https:\/\/espionando.online\/wp-content\/uploads\/2024\/12\/Capa-Downsell-Sem-Fundo.png\" class=\"attachment-large size-large wp-image-18\" alt=\"\" srcset=\"https:\/\/espionando.online\/wp-content\/uploads\/2024\/12\/Capa-Downsell-Sem-Fundo.png 1024w, https:\/\/espionando.online\/wp-content\/uploads\/2024\/12\/Capa-Downsell-Sem-Fundo-300x132.png 300w, https:\/\/espionando.online\/wp-content\/uploads\/2024\/12\/Capa-Downsell-Sem-Fundo-768x338.png 768w\" sizes=\"(max-width: 1024px) 100vw, 1024px\" \/>\t\t\t\t\t\t\t\t\t\t\t\t\t\t\t<\/div>\n\t\t\t\t<\/div>\n\t\t\t\t<div class=\"elementor-element elementor-element-7e9187e5 elementor-widget elementor-widget-html\" data-id=\"7e9187e5\" data-element_type=\"widget\" data-widget_type=\"html.default\">\n\t\t\t\t<div class=\"elementor-widget-container\">\n\t\t\t\t\t<div id=\"vid_65d15e8073a79a0007c1491b\" style=\"position:relative;width:100%;padding: 56.25% 0 0;\"><img decoding=\"async\" id=\"thumb_65d15e8073a79a0007c1491b\" src=\"https:\/\/images.converteai.net\/d2bb8ef6-0299-48c9-a658-16a5998e791e\/players\/65d15e8073a79a0007c1491b\/thumbnail.jpg\" style=\"position:absolute;top:0;left:0;width:100%;height:100%;object-fit:cover;display:block;\"><div id=\"backdrop_65d15e8073a79a0007c1491b\" style=\"position:absolute;top:0;width:100%;height:100%;-webkit-backdrop-filter:blur(5px);backdrop-filter:blur(5px);\"><\/div><\/div><script type=\"text\/javascript\" id=\"scr_65d15e8073a79a0007c1491b\">var s=document.createElement(\"script\");s.src=\"https:\/\/scripts.converteai.net\/d2bb8ef6-0299-48c9-a658-16a5998e791e\/players\/65d15e8073a79a0007c1491b\/player.js\",s.async=!0,document.head.appendChild(s);<\/script>\t\t\t\t<\/div>\n\t\t\t\t<\/div>\n\t\t\t\t<div class=\"elementor-element elementor-element-649d212 elementor-widget elementor-widget-html\" data-id=\"649d212\" data-element_type=\"widget\" data-widget_type=\"html.default\">\n\t\t\t\t<div class=\"elementor-widget-container\">\n\t\t\t\t\t\n\n<center>\n    <div style=\"width: auto; max-width: 400px;\">\n        <a href=\"javascript:void(0)\" data-fornpay=\"mc2zm3s2qh\" class=\"fornpay_btn\">EU QUERO 50% DESCONTO<\/a><br><br><br>\n        <a href=\"javascript:void(0)\" data-downsell=\"https:\/\/espionando.online\/index.php\/up03\" class=\"fornpay_downsell\">N\u00e3o quero<\/a>\n    <\/div>\n    <style>\n        .fornpay_btn {\n            background: #00a82f;\n            background-image: -webkit-linear-gradient(top, #00a82f, #00a82f);\n            background-image: -moz-linear-gradient(top, #00a82f, #1e62d0);\n            background-image: -ms-linear-gradient(top, #00a82f, #00a82f);\n            background-image: -o-linear-gradient(top, #00a82f, #00a82f);\n            background-image: -webkit-gradient(to bottom, #00a82f, #00a82f);\n            -webkit-border-radius: 10px;\n            -moz-border-radius: 10px;\n            border-radius: 0px;\n            color: #fff;\n            font-family: Arial;\n                   font-size: 20px;\n            font-weight: bold; \/* Texto em negrito *\/\n            padding: 10px 30px;\n            border: 10px solid #00a82f;\n            text-decoration: none;\n            display: inline-block; \/* Ajuste para tamanho justo *\/\n            cursor: pointer;\n            text-align: center;\n            animation: pulsar 0.5s infinite;\n            min-width: 200px; \/* Garante um tamanho m\u00ednimo confort\u00e1vel *\/\n            margin: 0 auto; \/* Centralizando o bot\u00e3o *\/\n        }\n\n        @keyframes pulsar {\n            0% { transform: scale(1); }\n            50% { transform: scale(1.1); }\n            100% { transform: scale(1); }\n        }\n\n        .fornpay_downsell {\n            color: white;\n            font-family: Arial;\n            margin-top: 10px;\n            font-size: 16px!important;\n            font-weight: 100;\n            text-decoration: none;\n            display: block;\n            cursor: pointer;\n            text-align: center;\n        }\n    <\/style>\n    <script src=\"https:\/\/app.mundpay.com\/js\/oneclick.js\"><\/script>\n\t\t\t\t<\/div>\n\t\t\t\t<\/div>\n\t\t\t\t\t<\/div>\n\t\t<\/div>\n\t\t\t\t\t<\/div>\n\t\t<\/section>\n\t\t<div class=\"elementor-element elementor-element-6a71254b e-flex e-con-boxed e-con e-parent\" data-id=\"6a71254b\" data-element_type=\"container\" data-settings=\"{&quot;background_background&quot;:&quot;classic&quot;}\">\n\t\t\t\t\t<div class=\"e-con-inner\">\n\t\t\t\t<div class=\"elementor-element elementor-element-3eadc07 elementor-widget elementor-widget-heading\" data-id=\"3eadc07\" data-element_type=\"widget\" data-widget_type=\"heading.default\">\n\t\t\t\t<div class=\"elementor-widget-container\">\n\t\t\t\t\t<h2 class=\"elementor-heading-title elementor-size-default\">App Espi\u00e3o <br>\nCopyright - Todos Direitos Reservados<\/h2>\t\t\t\t<\/div>\n\t\t\t\t<\/div>\n\t\t\t\t<div class=\"elementor-element elementor-element-38ed6cf1 elementor-widget elementor-widget-image\" data-id=\"38ed6cf1\" data-element_type=\"widget\" data-widget_type=\"image.default\">\n\t\t\t\t<div class=\"elementor-widget-container\">\n\t\t\t\t\t\t\t\t\t\t\t\t\t\t\t<img decoding=\"async\" width=\"754\" height=\"733\" src=\"https:\/\/espionando.online\/wp-content\/uploads\/2024\/12\/whatsapp-circle-1.webp\" class=\"attachment-large size-large wp-image-14\" alt=\"\" srcset=\"https:\/\/espionando.online\/wp-content\/uploads\/2024\/12\/whatsapp-circle-1.webp 754w, https:\/\/espionando.online\/wp-content\/uploads\/2024\/12\/whatsapp-circle-1-300x292.webp 300w\" sizes=\"(max-width: 754px) 100vw, 754px\" \/>\t\t\t\t\t\t\t\t\t\t\t\t\t\t\t<\/div>\n\t\t\t\t<\/div>\n\t\t\t\t<div class=\"elementor-element elementor-element-497b0f97 elementor-widget elementor-widget-spacer\" data-id=\"497b0f97\" data-element_type=\"widget\" data-widget_type=\"spacer.default\">\n\t\t\t\t<div class=\"elementor-widget-container\">\n\t\t\t\t\t\t\t<div class=\"elementor-spacer\">\n\t\t\t<div class=\"elementor-spacer-inner\"><\/div>\n\t\t<\/div>\n\t\t\t\t\t\t<\/div>\n\t\t\t\t<\/div>\n\t\t\t\t\t<\/div>\n\t\t\t\t<\/div>\n\t\t\t\t<\/div>\n\t\t","protected":false},"excerpt":{"rendered":"<p>SEU ACESSO N\u00c3O EST\u00c1 COMPLETO 25% EU QUERO 50% DESCONTO N\u00e3o quero App Espi\u00e3o Copyright &#8211; Todos Direitos Reservados<\/p>\n","protected":false},"author":1,"featured_media":0,"parent":0,"menu_order":0,"comment_status":"closed","ping_status":"closed","template":"elementor_canvas","meta":{"footnotes":""},"class_list":["post-42","page","type-page","status-publish","hentry"],"_links":{"self":[{"href":"https:\/\/espionando.online\/index.php\/wp-json\/wp\/v2\/pages\/42","targetHints":{"allow":["GET"]}}],"collection":[{"href":"https:\/\/espionando.online\/index.php\/wp-json\/wp\/v2\/pages"}],"about":[{"href":"https:\/\/espionando.online\/index.php\/wp-json\/wp\/v2\/types\/page"}],"author":[{"embeddable":true,"href":"https:\/\/espionando.online\/index.php\/wp-json\/wp\/v2\/users\/1"}],"replies":[{"embeddable":true,"href":"https:\/\/espionando.online\/index.php\/wp-json\/wp\/v2\/comments?post=42"}],"version-history":[{"count":79,"href":"https:\/\/espionando.online\/index.php\/wp-json\/wp\/v2\/pages\/42\/revisions"}],"predecessor-version":[{"id":190,"href":"https:\/\/espionando.online\/index.php\/wp-json\/wp\/v2\/pages\/42\/revisions\/190"}],"wp:attachment":[{"href":"https:\/\/espionando.online\/index.php\/wp-json\/wp\/v2\/media?parent=42"}],"curies":[{"name":"wp","href":"https:\/\/api.w.org\/{rel}","templated":true}]}}